{"id":157,"date":"2025-05-30T06:37:27","date_gmt":"2025-05-30T06:37:27","guid":{"rendered":"https:\/\/akgconsultinggroup.hu\/olajbanyaszteribufe\/?page_id=157"},"modified":"2025-05-30T06:37:28","modified_gmt":"2025-05-30T06:37:28","slug":"tortenetunk","status":"publish","type":"page","link":"https:\/\/olajbanyaszteribufe.hu\/index.php\/tortenetunk\/","title":{"rendered":"T\u00f6rt\u00e9net\u00fcnk"},"content":{"rendered":"\n<p>Hamarosan&#8230;<\/p>\n","protected":false},"excerpt":{"rendered":"<p>Hamarosan&#8230;<\/p>\n","protected":false},"author":1,"featured_media":0,"parent":0,"menu_order":0,"comment_status":"closed","ping_status":"closed","template":"","meta":{"neve_meta_sidebar":"","neve_meta_container":"","neve_meta_enable_content_width":"","neve_meta_content_width":0,"neve_meta_title_alignment":"","neve_meta_author_avatar":"","neve_post_elements_order":"","neve_meta_disable_header":"","neve_meta_disable_footer":"","neve_meta_disable_title":"","footnotes":""},"class_list":["post-157","page","type-page","status-publish","hentry"],"_links":{"self":[{"href":"https:\/\/olajbanyaszteribufe.hu\/index.php\/wp-json\/wp\/v2\/pages\/157","targetHints":{"allow":["GET"]}}],"collection":[{"href":"https:\/\/olajbanyaszteribufe.hu\/index.php\/wp-json\/wp\/v2\/pages"}],"about":[{"href":"https:\/\/olajbanyaszteribufe.hu\/index.php\/wp-json\/wp\/v2\/types\/page"}],"author":[{"embeddable":true,"href":"https:\/\/olajbanyaszteribufe.hu\/index.php\/wp-json\/wp\/v2\/users\/1"}],"replies":[{"embeddable":true,"href":"https:\/\/olajbanyaszteribufe.hu\/index.php\/wp-json\/wp\/v2\/comments?post=157"}],"version-history":[{"count":1,"href":"https:\/\/olajbanyaszteribufe.hu\/index.php\/wp-json\/wp\/v2\/pages\/157\/revisions"}],"predecessor-version":[{"id":158,"href":"https:\/\/olajbanyaszteribufe.hu\/index.php\/wp-json\/wp\/v2\/pages\/157\/revisions\/158"}],"wp:attachment":[{"href":"https:\/\/olajbanyaszteribufe.hu\/index.php\/wp-json\/wp\/v2\/media?parent=157"}],"curies":[{"name":"wp","href":"https:\/\/api.w.org\/{rel}","templated":true}]}}